{"id":541,"date":"2024-03-12T01:39:36","date_gmt":"2024-03-12T01:39:36","guid":{"rendered":"https:\/\/neurovitta.com.br\/lp\/?page_id=541"},"modified":"2024-04-15T16:33:16","modified_gmt":"2024-04-15T16:33:16","slug":"captura-infografico","status":"publish","type":"page","link":"https:\/\/neurovitta.com.br\/lp\/captura-infografico\/","title":{"rendered":"CLN &#8211; P\u00e1gina de Captura &#8211; Infogr\u00e1fico 5 Dicas"},"content":{"rendered":"\t\t<div data-elementor-type=\"wp-page\" data-elementor-id=\"541\" class=\"elementor elementor-541\" data-elementor-settings=\"{&quot;ha_cmc_init_switcher&quot;:&quot;no&quot;}\" data-elementor-post-type=\"page\">\n\t\t\t\t<div class=\"elementor-element elementor-element-0e038c0 e-flex e-con-boxed e-con e-parent\" data-id=\"0e038c0\" data-element_type=\"container\" id=\"vendas\" data-settings=\"{&quot;background_background&quot;:&quot;classic&quot;,&quot;_ha_eqh_enable&quot;:false}\">\n\t\t\t\t\t<div class=\"e-con-inner\">\n\t\t<div class=\"elementor-element elementor-element-c597ff4 e-con-full e-flex e-con e-child\" data-id=\"c597ff4\" data-element_type=\"container\" data-settings=\"{&quot;_ha_eqh_enable&quot;:false}\">\n\t\t\t\t<div class=\"elementor-element elementor-element-cbc6a60 elementor-widget__width-initial elementor-widget elementor-widget-image\" data-id=\"cbc6a60\" data-element_type=\"widget\" data-widget_type=\"image.default\">\n\t\t\t\t<div class=\"elementor-widget-container\">\n\t\t\t\t\t\t\t\t\t\t\t\t\t\t\t<img decoding=\"async\" width=\"180\" height=\"60\" src=\"https:\/\/neurovitta.com.br\/lp\/wp-content\/uploads\/2023\/11\/logo-neurovitta-white.png\" class=\"attachment-full size-full wp-image-172\" alt=\"\" \/>\t\t\t\t\t\t\t\t\t\t\t\t\t\t\t<\/div>\n\t\t\t\t<\/div>\n\t\t\t\t<div class=\"elementor-element elementor-element-2356a1f elementor-headline--style-highlight elementor-widget elementor-widget-animated-headline\" data-id=\"2356a1f\" data-element_type=\"widget\" data-settings=\"{&quot;highlighted_text&quot;:&quot;Gratuito&quot;,&quot;headline_style&quot;:&quot;highlight&quot;,&quot;marker&quot;:&quot;circle&quot;,&quot;loop&quot;:&quot;yes&quot;,&quot;highlight_animation_duration&quot;:1200,&quot;highlight_iteration_delay&quot;:8000}\" data-widget_type=\"animated-headline.default\">\n\t\t\t\t<div class=\"elementor-widget-container\">\n\t\t\t\t\t\t\t<h3 class=\"elementor-headline\">\n\t\t\t\t\t<span class=\"elementor-headline-plain-text elementor-headline-text-wrapper\">Infogr\u00e1fico <\/span>\n\t\t\t\t<span class=\"elementor-headline-dynamic-wrapper elementor-headline-text-wrapper\">\n\t\t\t\t\t<span class=\"elementor-headline-dynamic-text elementor-headline-text-active\">Gratuito<\/span>\n\t\t\t\t<\/span>\n\t\t\t\t<\/h3>\n\t\t\t\t\t\t<\/div>\n\t\t\t\t<\/div>\n\t\t\t\t<div class=\"elementor-element elementor-element-b79500b elementor-widget elementor-widget-heading\" data-id=\"b79500b\" data-element_type=\"widget\" data-widget_type=\"heading.default\">\n\t\t\t\t<div class=\"elementor-widget-container\">\n\t\t\t\t\t<h2 class=\"elementor-heading-title elementor-size-default\">5 DICAS EFICAZES PARA MELHORAR SEU BEM-ESTAR MENTAL NA ERA DIGITAL<\/h2>\t\t\t\t<\/div>\n\t\t\t\t<\/div>\n\t\t\t\t<div class=\"elementor-element elementor-element-102a10f elementor-widget elementor-widget-heading\" data-id=\"102a10f\" data-element_type=\"widget\" data-widget_type=\"heading.default\">\n\t\t\t\t<div class=\"elementor-widget-container\">\n\t\t\t\t\t<h2 class=\"elementor-heading-title elementor-size-default\">Entenda aqui como lidar com o excesso de informa\u00e7\u00e3o na era digital.  <\/h2>\t\t\t\t<\/div>\n\t\t\t\t<\/div>\n\t\t\t\t<\/div>\n\t\t<div class=\"elementor-element elementor-element-f9cca06 e-flex e-con-boxed e-con e-child\" data-id=\"f9cca06\" data-element_type=\"container\" data-settings=\"{&quot;background_background&quot;:&quot;classic&quot;,&quot;_ha_eqh_enable&quot;:false}\">\n\t\t\t\t\t<div class=\"e-con-inner\">\n\t\t\t\t<div class=\"elementor-element elementor-element-10e1260 elementor-widget elementor-widget-html\" data-id=\"10e1260\" data-element_type=\"widget\" data-widget_type=\"html.default\">\n\t\t\t\t<div class=\"elementor-widget-container\">\n\t\t\t\t\t<div role=\"main\" id=\"cln-form-infografico-7ac6dcd7c994cb600ace\"><\/div><script type=\"text\/javascript\" src=\"https:\/\/d335luupugsy2.cloudfront.net\/js\/rdstation-forms\/stable\/rdstation-forms.min.js\"><\/script><script type=\"text\/javascript\"> new RDStationForms('cln-form-infografico-7ac6dcd7c994cb600ace', 'null').createForm();<\/script>\t\t\t\t<\/div>\n\t\t\t\t<\/div>\n\t\t\t\t\t<\/div>\n\t\t\t\t<\/div>\n\t\t\t\t\t<\/div>\n\t\t\t\t<\/div>\n\t\t<div class=\"elementor-element elementor-element-2c3911a e-flex e-con-boxed e-con e-parent\" data-id=\"2c3911a\" data-element_type=\"container\" data-settings=\"{&quot;_ha_eqh_enable&quot;:false}\">\n\t\t\t\t\t<div class=\"e-con-inner\">\n\t\t<div class=\"elementor-element elementor-element-f4fda4d e-con-full e-flex e-con e-child\" data-id=\"f4fda4d\" data-element_type=\"container\" data-settings=\"{&quot;_ha_eqh_enable&quot;:false}\">\n\t\t\t\t<div class=\"elementor-element elementor-element-43c33fb elementor-widget__width-initial elementor-widget-tablet__width-inherit elementor-widget elementor-widget-image\" data-id=\"43c33fb\" data-element_type=\"widget\" data-widget_type=\"image.default\">\n\t\t\t\t<div class=\"elementor-widget-container\">\n\t\t\t\t\t\t\t\t\t\t\t\t\t\t\t<img fetchpriority=\"high\" decoding=\"async\" width=\"1000\" height=\"667\" src=\"https:\/\/neurovitta.com.br\/lp\/wp-content\/uploads\/2024\/04\/2151111222.jpg\" class=\"attachment-full size-full wp-image-954\" alt=\"\" srcset=\"https:\/\/neurovitta.com.br\/lp\/wp-content\/uploads\/2024\/04\/2151111222.jpg 1000w, https:\/\/neurovitta.com.br\/lp\/wp-content\/uploads\/2024\/04\/2151111222-300x200.jpg 300w, https:\/\/neurovitta.com.br\/lp\/wp-content\/uploads\/2024\/04\/2151111222-768x512.jpg 768w\" sizes=\"(max-width: 1000px) 100vw, 1000px\" \/>\t\t\t\t\t\t\t\t\t\t\t\t\t\t\t<\/div>\n\t\t\t\t<\/div>\n\t\t\t\t<\/div>\n\t\t<div class=\"elementor-element elementor-element-ac4874e e-con-full e-flex e-con e-child\" data-id=\"ac4874e\" data-element_type=\"container\" data-settings=\"{&quot;_ha_eqh_enable&quot;:false}\">\n\t\t\t\t<div class=\"elementor-element elementor-element-0c8f4de elementor-widget elementor-widget-image-box\" data-id=\"0c8f4de\" data-element_type=\"widget\" data-widget_type=\"image-box.default\">\n\t\t\t\t<div class=\"elementor-widget-container\">\n\t\t\t\t\t<div class=\"elementor-image-box-wrapper\"><div class=\"elementor-image-box-content\"><h2 class=\"elementor-image-box-title\">Conhe\u00e7a a Cl\u00ednica Neurovitta<\/h2><p class=\"elementor-image-box-description\">A NeuroVitta \u00e9 um Centro de Excel\u00eancia em Neurologia e Neurofisiologia, formada por m\u00e9dicos neurologistas altamente qualificados e com forma\u00e7\u00e3o e atua\u00e7\u00e3o diferenciada em grandes institui\u00e7\u00f5es do pa\u00eds.<br><br>\nOferecemos exames diagn\u00f3sticos e atendimento cl\u00ednico em especialidades m\u00e9dicas correlatas, visando um tratamento integralizado.<br><br>\nEm excelente localiza\u00e7\u00e3o, com instala\u00e7\u00f5es modernas e confort\u00e1veis, buscamos n\u00e3o s\u00f3 o bem-estar dos nossos pacientes, mas tamb\u00e9m crescer com o avan\u00e7o da medicina.<br><br>\nA NEUROVITTA oferece tecnologia de ponta e atendimento humanizado, buscando proporcionar a melhor experi\u00eancia para seus clientes.<\/p><\/div><\/div>\t\t\t\t<\/div>\n\t\t\t\t<\/div>\n\t\t\t\t<\/div>\n\t\t\t\t\t<\/div>\n\t\t\t\t<\/div>\n\t\t<div class=\"elementor-element elementor-element-5b4c61a e-flex e-con-boxed e-con e-parent\" data-id=\"5b4c61a\" data-element_type=\"container\" data-settings=\"{&quot;_ha_eqh_enable&quot;:false}\">\n\t\t\t\t\t<div class=\"e-con-inner\">\n\t\t<div class=\"elementor-element elementor-element-1963a54 e-con-full e-flex e-con e-child\" data-id=\"1963a54\" data-element_type=\"container\" data-settings=\"{&quot;_ha_eqh_enable&quot;:false}\">\n\t\t\t\t<div class=\"elementor-element elementor-element-a9d171d elementor-widget elementor-widget-image-box\" data-id=\"a9d171d\" data-element_type=\"widget\" data-widget_type=\"image-box.default\">\n\t\t\t\t<div class=\"elementor-widget-container\">\n\t\t\t\t\t<div class=\"elementor-image-box-wrapper\"><div class=\"elementor-image-box-content\"><h2 class=\"elementor-image-box-title\">O que voc\u00ea vai aprender <\/h2><p class=\"elementor-image-box-description\">A rela\u00e7\u00e3o entre o uso excessivo de dispositivos digitais e a sa\u00fade mental tem sido cada vez mais abordada. As constantes notifica\u00e7\u00f5es e a press\u00e3o por estar sempre conectado s\u00e3o alguns dos fatores que podem agravar os n\u00edveis de estresse e ansiedade no dia a dia. <br><br>\nEntre as doen\u00e7as mais comuns relacionadas ao uso excessivo de telas est\u00e3o: Ansiedade, Depress\u00e3o, Transtornos do Sono, Transtornos de D\u00e9ficit de Aten\u00e7\u00e3o e Hiperatividade (TDAH), V\u00edcio em Tecnologia. <br><br>\nReconhecer quando se precisa de ajuda \u00e9 um passo importante para cuidar da sa\u00fade mental. Aqui est\u00e3o alguns sinais que podem indicar a necessidade de buscar apoio de um profissional.<\/p><\/div><\/div>\t\t\t\t<\/div>\n\t\t\t\t<\/div>\n\t\t\t\t<\/div>\n\t\t\t\t<div class=\"elementor-element elementor-element-18e6c24 elementor-widget__width-initial elementor-widget-tablet__width-inherit elementor-widget elementor-widget-image\" data-id=\"18e6c24\" data-element_type=\"widget\" data-widget_type=\"image.default\">\n\t\t\t\t<div class=\"elementor-widget-container\">\n\t\t\t\t\t\t\t\t\t\t\t\t\t\t\t<img decoding=\"async\" width=\"1500\" height=\"1000\" src=\"https:\/\/neurovitta.com.br\/lp\/wp-content\/uploads\/2024\/03\/7682.jpg\" class=\"attachment-full size-full wp-image-545\" alt=\"\" srcset=\"https:\/\/neurovitta.com.br\/lp\/wp-content\/uploads\/2024\/03\/7682.jpg 1500w, https:\/\/neurovitta.com.br\/lp\/wp-content\/uploads\/2024\/03\/7682-300x200.jpg 300w, https:\/\/neurovitta.com.br\/lp\/wp-content\/uploads\/2024\/03\/7682-1024x683.jpg 1024w, https:\/\/neurovitta.com.br\/lp\/wp-content\/uploads\/2024\/03\/7682-768x512.jpg 768w\" sizes=\"(max-width: 1500px) 100vw, 1500px\" \/>\t\t\t\t\t\t\t\t\t\t\t\t\t\t\t<\/div>\n\t\t\t\t<\/div>\n\t\t\t\t\t<\/div>\n\t\t\t\t<\/div>\n\t\t<div class=\"elementor-element elementor-element-ef263ff e-flex e-con-boxed e-con e-parent\" data-id=\"ef263ff\" data-element_type=\"container\" data-settings=\"{&quot;background_background&quot;:&quot;classic&quot;,&quot;_ha_eqh_enable&quot;:false}\">\n\t\t\t\t\t<div class=\"e-con-inner\">\n\t\t\t\t<div class=\"elementor-element elementor-element-587b182 elementor-widget__width-initial elementor-widget elementor-widget-heading\" data-id=\"587b182\" data-element_type=\"widget\" data-widget_type=\"heading.default\">\n\t\t\t\t<div class=\"elementor-widget-container\">\n\t\t\t\t\t<h2 class=\"elementor-heading-title elementor-size-default\">Descubra como melhorar o seu bem-estar na era digital<\/h2>\t\t\t\t<\/div>\n\t\t\t\t<\/div>\n\t\t\t\t<div class=\"elementor-element elementor-element-3c4c0f3 elementor-widget elementor-widget-text-editor\" data-id=\"3c4c0f3\" data-element_type=\"widget\" data-widget_type=\"text-editor.default\">\n\t\t\t\t<div class=\"elementor-widget-container\">\n\t\t\t\t\t\t\t\t\t<p>Fique atento aos sinais para entender quando voc\u00ea precisa de ajuda.<\/p>\t\t\t\t\t\t\t\t<\/div>\n\t\t\t\t<\/div>\n\t\t\t\t<div class=\"elementor-element elementor-element-99ac865 elementor-widget elementor-widget-button\" data-id=\"99ac865\" data-element_type=\"widget\" data-widget_type=\"button.default\">\n\t\t\t\t<div class=\"elementor-widget-container\">\n\t\t\t\t\t\t\t\t\t<div class=\"elementor-button-wrapper\">\n\t\t\t\t\t<a class=\"elementor-button elementor-button-link elementor-size-sm\" href=\"#vendas\" id=\"btn\">\n\t\t\t\t\t\t<span class=\"elementor-button-content-wrapper\">\n\t\t\t\t\t\t\t\t\t<span class=\"elementor-button-text\">BAIXAR INFOGR\u00c1FICO<\/span>\n\t\t\t\t\t<\/span>\n\t\t\t\t\t<\/a>\n\t\t\t\t<\/div>\n\t\t\t\t\t\t\t\t<\/div>\n\t\t\t\t<\/div>\n\t\t\t\t<div class=\"elementor-element elementor-element-8099471 elementor-widget-divider--view-line elementor-widget elementor-widget-divider\" data-id=\"8099471\" data-element_type=\"widget\" data-widget_type=\"divider.default\">\n\t\t\t\t<div class=\"elementor-widget-container\">\n\t\t\t\t\t\t\t<div class=\"elementor-divider\">\n\t\t\t<span class=\"elementor-divider-separator\">\n\t\t\t\t\t\t<\/span>\n\t\t<\/div>\n\t\t\t\t\t\t<\/div>\n\t\t\t\t<\/div>\n\t\t\t\t\t<\/div>\n\t\t\t\t<\/div>\n\t\t<div class=\"elementor-element elementor-element-c140d87 e-flex e-con-boxed e-con e-parent\" data-id=\"c140d87\" data-element_type=\"container\" data-settings=\"{&quot;background_background&quot;:&quot;classic&quot;,&quot;_ha_eqh_enable&quot;:false}\">\n\t\t\t\t\t<div class=\"e-con-inner\">\n\t\t\t\t<div class=\"elementor-element elementor-element-e13d990 elementor-icon-list--layout-inline elementor-align-center elementor-list-item-link-full_width elementor-widget elementor-widget-icon-list\" data-id=\"e13d990\" data-element_type=\"widget\" data-widget_type=\"icon-list.default\">\n\t\t\t\t<div class=\"elementor-widget-container\">\n\t\t\t\t\t\t\t<ul class=\"elementor-icon-list-items elementor-inline-items\">\n\t\t\t\t\t\t\t<li class=\"elementor-icon-list-item elementor-inline-item\">\n\t\t\t\t\t\t\t\t\t\t<span class=\"elementor-icon-list-text\">\u00a9 Copyright 2024 \u2013 Todos os direitos reservados<\/span>\n\t\t\t\t\t\t\t\t\t<\/li>\n\t\t\t\t\t\t<\/ul>\n\t\t\t\t\t\t<\/div>\n\t\t\t\t<\/div>\n\t\t\t\t<div class=\"elementor-element elementor-element-6576368 elementor-icon-list--layout-inline elementor-align-center elementor-list-item-link-full_width elementor-widget elementor-widget-icon-list\" data-id=\"6576368\" data-element_type=\"widget\" data-widget_type=\"icon-list.default\">\n\t\t\t\t<div class=\"elementor-widget-container\">\n\t\t\t\t\t\t\t<ul class=\"elementor-icon-list-items elementor-inline-items\">\n\t\t\t\t\t\t\t<li class=\"elementor-icon-list-item elementor-inline-item\">\n\t\t\t\t\t\t\t\t\t\t<span class=\"elementor-icon-list-text\">Neurovitta Cl\u00ednica de Neurologia e Neurodiagn\u00f3stico<\/span>\n\t\t\t\t\t\t\t\t\t<\/li>\n\t\t\t\t\t\t<\/ul>\n\t\t\t\t\t\t<\/div>\n\t\t\t\t<\/div>\n\t\t\t\t<div class=\"elementor-element elementor-element-74fa1de elementor-icon-list--layout-inline elementor-align-center elementor-list-item-link-full_width elementor-widget elementor-widget-icon-list\" data-id=\"74fa1de\" data-element_type=\"widget\" data-widget_type=\"icon-list.default\">\n\t\t\t\t<div class=\"elementor-widget-container\">\n\t\t\t\t\t\t\t<ul class=\"elementor-icon-list-items elementor-inline-items\">\n\t\t\t\t\t\t\t<li class=\"elementor-icon-list-item elementor-inline-item\">\n\t\t\t\t\t\t\t\t\t\t\t<a href=\"https:\/\/www.howeb.com.br\" target=\"_blank\">\n\n\t\t\t\t\t\t\t\t\t\t\t<span class=\"elementor-icon-list-text\">Desenvolvido por Howeb<\/span>\n\t\t\t\t\t\t\t\t\t\t\t<\/a>\n\t\t\t\t\t\t\t\t\t<\/li>\n\t\t\t\t\t\t<\/ul>\n\t\t\t\t\t\t<\/div>\n\t\t\t\t<\/div>\n\t\t\t\t\t<\/div>\n\t\t\t\t<\/div>\n\t\t\t\t<\/div>\n\t\t","protected":false},"excerpt":{"rendered":"<p>Infogr\u00e1fico Gratuito 5 DICAS EFICAZES PARA MELHORAR SEU BEM-ESTAR MENTAL NA ERA DIGITAL Entenda aqui como lidar com o excesso de informa\u00e7\u00e3o na era digital. Conhe\u00e7a a Cl\u00ednica Neurovitta A NeuroVitta \u00e9 um Centro de Excel\u00eancia em Neurologia e Neurofisiologia, formada por m\u00e9dicos neurologistas altamente qualificados e com forma\u00e7\u00e3o e atua\u00e7\u00e3o diferenciada em grandes institui\u00e7\u00f5es [&hellip;]<\/p>\n","protected":false},"author":1,"featured_media":0,"parent":0,"menu_order":0,"comment_status":"closed","ping_status":"closed","template":"elementor_canvas","meta":{"footnotes":""},"class_list":["post-541","page","type-page","status-publish","hentry"],"yoast_head":"<!-- This site is optimized with the Yoast SEO plugin v26.9 - https:\/\/yoast.com\/product\/yoast-seo-wordpress\/ -->\n<title>Cl\u00ednica Neurovitta | Dicas para melhorar o bem-estar na era digital<\/title>\n<meta name=\"description\" content=\"Descubra as 5 dicas fundamentais para melhorar o seu bem-estar na era digital e identifique os sinais de quando precisa de ajuda.\" \/>\n<meta name=\"robots\" content=\"index, follow, max-snippet:-1, max-image-preview:large, max-video-preview:-1\" \/>\n<link rel=\"canonical\" href=\"https:\/\/neurovitta.com.br\/lp\/captura-infografico\/\" \/>\n<meta property=\"og:locale\" content=\"pt_BR\" \/>\n<meta property=\"og:type\" content=\"article\" \/>\n<meta property=\"og:title\" content=\"Cl\u00ednica Neurovitta | Dicas para melhorar o bem-estar na era digital\" \/>\n<meta property=\"og:description\" content=\"Descubra as 5 dicas fundamentais para melhorar o seu bem-estar na era digital e identifique os sinais de quando precisa de ajuda.\" \/>\n<meta property=\"og:url\" content=\"https:\/\/neurovitta.com.br\/lp\/captura-infografico\/\" \/>\n<meta property=\"og:site_name\" content=\"Neurovitta\" \/>\n<meta property=\"article:modified_time\" content=\"2024-04-15T16:33:16+00:00\" \/>\n<meta property=\"og:image\" content=\"https:\/\/neurovitta.com.br\/lp\/wp-content\/uploads\/2023\/11\/logo-neurovitta-white.png\" \/>\n<meta name=\"twitter:card\" content=\"summary_large_image\" \/>\n<meta name=\"twitter:label1\" content=\"Est. tempo de leitura\" \/>\n\t<meta name=\"twitter:data1\" content=\"3 minutos\" \/>\n<script type=\"application\/ld+json\" class=\"yoast-schema-graph\">{\"@context\":\"https:\/\/schema.org\",\"@graph\":[{\"@type\":\"WebPage\",\"@id\":\"https:\/\/neurovitta.com.br\/lp\/captura-infografico\/\",\"url\":\"https:\/\/neurovitta.com.br\/lp\/captura-infografico\/\",\"name\":\"Cl\u00ednica Neurovitta | Dicas para melhorar o bem-estar na era digital\",\"isPartOf\":{\"@id\":\"https:\/\/neurovitta.com.br\/lp\/#website\"},\"primaryImageOfPage\":{\"@id\":\"https:\/\/neurovitta.com.br\/lp\/captura-infografico\/#primaryimage\"},\"image\":{\"@id\":\"https:\/\/neurovitta.com.br\/lp\/captura-infografico\/#primaryimage\"},\"thumbnailUrl\":\"https:\/\/neurovitta.com.br\/lp\/wp-content\/uploads\/2023\/11\/logo-neurovitta-white.png\",\"datePublished\":\"2024-03-12T01:39:36+00:00\",\"dateModified\":\"2024-04-15T16:33:16+00:00\",\"description\":\"Descubra as 5 dicas fundamentais para melhorar o seu bem-estar na era digital e identifique os sinais de quando precisa de ajuda.\",\"breadcrumb\":{\"@id\":\"https:\/\/neurovitta.com.br\/lp\/captura-infografico\/#breadcrumb\"},\"inLanguage\":\"pt-BR\",\"potentialAction\":[{\"@type\":\"ReadAction\",\"target\":[\"https:\/\/neurovitta.com.br\/lp\/captura-infografico\/\"]}]},{\"@type\":\"ImageObject\",\"inLanguage\":\"pt-BR\",\"@id\":\"https:\/\/neurovitta.com.br\/lp\/captura-infografico\/#primaryimage\",\"url\":\"https:\/\/neurovitta.com.br\/lp\/wp-content\/uploads\/2023\/11\/logo-neurovitta-white.png\",\"contentUrl\":\"https:\/\/neurovitta.com.br\/lp\/wp-content\/uploads\/2023\/11\/logo-neurovitta-white.png\",\"width\":180,\"height\":60},{\"@type\":\"BreadcrumbList\",\"@id\":\"https:\/\/neurovitta.com.br\/lp\/captura-infografico\/#breadcrumb\",\"itemListElement\":[{\"@type\":\"ListItem\",\"position\":1,\"name\":\"In\u00edcio\",\"item\":\"https:\/\/neurovitta.com.br\/lp\/\"},{\"@type\":\"ListItem\",\"position\":2,\"name\":\"CLN &#8211; P\u00e1gina de Captura &#8211; Infogr\u00e1fico 5 Dicas\"}]},{\"@type\":\"WebSite\",\"@id\":\"https:\/\/neurovitta.com.br\/lp\/#website\",\"url\":\"https:\/\/neurovitta.com.br\/lp\/\",\"name\":\"Neurovitta\",\"description\":\"Neurovitta Clinica de Neurologia e Neurodiagn\u00f3stico\",\"publisher\":{\"@id\":\"https:\/\/neurovitta.com.br\/lp\/#organization\"},\"potentialAction\":[{\"@type\":\"SearchAction\",\"target\":{\"@type\":\"EntryPoint\",\"urlTemplate\":\"https:\/\/neurovitta.com.br\/lp\/?s={search_term_string}\"},\"query-input\":{\"@type\":\"PropertyValueSpecification\",\"valueRequired\":true,\"valueName\":\"search_term_string\"}}],\"inLanguage\":\"pt-BR\"},{\"@type\":\"Organization\",\"@id\":\"https:\/\/neurovitta.com.br\/lp\/#organization\",\"name\":\"Neurovitta\",\"url\":\"https:\/\/neurovitta.com.br\/lp\/\",\"logo\":{\"@type\":\"ImageObject\",\"inLanguage\":\"pt-BR\",\"@id\":\"https:\/\/neurovitta.com.br\/lp\/#\/schema\/logo\/image\/\",\"url\":\"https:\/\/neurovitta.com.br\/lp\/wp-content\/uploads\/2023\/11\/logo-neurovitta.png\",\"contentUrl\":\"https:\/\/neurovitta.com.br\/lp\/wp-content\/uploads\/2023\/11\/logo-neurovitta.png\",\"width\":200,\"height\":111,\"caption\":\"Neurovitta\"},\"image\":{\"@id\":\"https:\/\/neurovitta.com.br\/lp\/#\/schema\/logo\/image\/\"}}]}<\/script>\n<!-- \/ Yoast SEO plugin. -->","yoast_head_json":{"title":"Cl\u00ednica Neurovitta | Dicas para melhorar o bem-estar na era digital","description":"Descubra as 5 dicas fundamentais para melhorar o seu bem-estar na era digital e identifique os sinais de quando precisa de ajuda.","robots":{"index":"index","follow":"follow","max-snippet":"max-snippet:-1","max-image-preview":"max-image-preview:large","max-video-preview":"max-video-preview:-1"},"canonical":"https:\/\/neurovitta.com.br\/lp\/captura-infografico\/","og_locale":"pt_BR","og_type":"article","og_title":"Cl\u00ednica Neurovitta | Dicas para melhorar o bem-estar na era digital","og_description":"Descubra as 5 dicas fundamentais para melhorar o seu bem-estar na era digital e identifique os sinais de quando precisa de ajuda.","og_url":"https:\/\/neurovitta.com.br\/lp\/captura-infografico\/","og_site_name":"Neurovitta","article_modified_time":"2024-04-15T16:33:16+00:00","og_image":[{"url":"https:\/\/neurovitta.com.br\/lp\/wp-content\/uploads\/2023\/11\/logo-neurovitta-white.png","type":"","width":"","height":""}],"twitter_card":"summary_large_image","twitter_misc":{"Est. tempo de leitura":"3 minutos"},"schema":{"@context":"https:\/\/schema.org","@graph":[{"@type":"WebPage","@id":"https:\/\/neurovitta.com.br\/lp\/captura-infografico\/","url":"https:\/\/neurovitta.com.br\/lp\/captura-infografico\/","name":"Cl\u00ednica Neurovitta | Dicas para melhorar o bem-estar na era digital","isPartOf":{"@id":"https:\/\/neurovitta.com.br\/lp\/#website"},"primaryImageOfPage":{"@id":"https:\/\/neurovitta.com.br\/lp\/captura-infografico\/#primaryimage"},"image":{"@id":"https:\/\/neurovitta.com.br\/lp\/captura-infografico\/#primaryimage"},"thumbnailUrl":"https:\/\/neurovitta.com.br\/lp\/wp-content\/uploads\/2023\/11\/logo-neurovitta-white.png","datePublished":"2024-03-12T01:39:36+00:00","dateModified":"2024-04-15T16:33:16+00:00","description":"Descubra as 5 dicas fundamentais para melhorar o seu bem-estar na era digital e identifique os sinais de quando precisa de ajuda.","breadcrumb":{"@id":"https:\/\/neurovitta.com.br\/lp\/captura-infografico\/#breadcrumb"},"inLanguage":"pt-BR","potentialAction":[{"@type":"ReadAction","target":["https:\/\/neurovitta.com.br\/lp\/captura-infografico\/"]}]},{"@type":"ImageObject","inLanguage":"pt-BR","@id":"https:\/\/neurovitta.com.br\/lp\/captura-infografico\/#primaryimage","url":"https:\/\/neurovitta.com.br\/lp\/wp-content\/uploads\/2023\/11\/logo-neurovitta-white.png","contentUrl":"https:\/\/neurovitta.com.br\/lp\/wp-content\/uploads\/2023\/11\/logo-neurovitta-white.png","width":180,"height":60},{"@type":"BreadcrumbList","@id":"https:\/\/neurovitta.com.br\/lp\/captura-infografico\/#breadcrumb","itemListElement":[{"@type":"ListItem","position":1,"name":"In\u00edcio","item":"https:\/\/neurovitta.com.br\/lp\/"},{"@type":"ListItem","position":2,"name":"CLN &#8211; P\u00e1gina de Captura &#8211; Infogr\u00e1fico 5 Dicas"}]},{"@type":"WebSite","@id":"https:\/\/neurovitta.com.br\/lp\/#website","url":"https:\/\/neurovitta.com.br\/lp\/","name":"Neurovitta","description":"Neurovitta Clinica de Neurologia e Neurodiagn\u00f3stico","publisher":{"@id":"https:\/\/neurovitta.com.br\/lp\/#organization"},"potentialAction":[{"@type":"SearchAction","target":{"@type":"EntryPoint","urlTemplate":"https:\/\/neurovitta.com.br\/lp\/?s={search_term_string}"},"query-input":{"@type":"PropertyValueSpecification","valueRequired":true,"valueName":"search_term_string"}}],"inLanguage":"pt-BR"},{"@type":"Organization","@id":"https:\/\/neurovitta.com.br\/lp\/#organization","name":"Neurovitta","url":"https:\/\/neurovitta.com.br\/lp\/","logo":{"@type":"ImageObject","inLanguage":"pt-BR","@id":"https:\/\/neurovitta.com.br\/lp\/#\/schema\/logo\/image\/","url":"https:\/\/neurovitta.com.br\/lp\/wp-content\/uploads\/2023\/11\/logo-neurovitta.png","contentUrl":"https:\/\/neurovitta.com.br\/lp\/wp-content\/uploads\/2023\/11\/logo-neurovitta.png","width":200,"height":111,"caption":"Neurovitta"},"image":{"@id":"https:\/\/neurovitta.com.br\/lp\/#\/schema\/logo\/image\/"}}]}},"_links":{"self":[{"href":"https:\/\/neurovitta.com.br\/lp\/wp-json\/wp\/v2\/pages\/541","targetHints":{"allow":["GET"]}}],"collection":[{"href":"https:\/\/neurovitta.com.br\/lp\/wp-json\/wp\/v2\/pages"}],"about":[{"href":"https:\/\/neurovitta.com.br\/lp\/wp-json\/wp\/v2\/types\/page"}],"author":[{"embeddable":true,"href":"https:\/\/neurovitta.com.br\/lp\/wp-json\/wp\/v2\/users\/1"}],"replies":[{"embeddable":true,"href":"https:\/\/neurovitta.com.br\/lp\/wp-json\/wp\/v2\/comments?post=541"}],"version-history":[{"count":205,"href":"https:\/\/neurovitta.com.br\/lp\/wp-json\/wp\/v2\/pages\/541\/revisions"}],"predecessor-version":[{"id":957,"href":"https:\/\/neurovitta.com.br\/lp\/wp-json\/wp\/v2\/pages\/541\/revisions\/957"}],"wp:attachment":[{"href":"https:\/\/neurovitta.com.br\/lp\/wp-json\/wp\/v2\/media?parent=541"}],"curies":[{"name":"wp","href":"https:\/\/api.w.org\/{rel}","templated":true}]}}